{"id":26,"date":"2020-10-27T05:05:37","date_gmt":"2020-10-27T05:05:37","guid":{"rendered":"http:\/\/seodo.themezinho.net\/?page_id=26"},"modified":"2022-06-24T12:50:40","modified_gmt":"2022-06-24T05:50:40","slug":"lien-he","status":"publish","type":"page","link":"https:\/\/epom.vn\/vi\/lien-he\/","title":{"rendered":"Li\u00ean h\u1ec7"},"content":{"rendered":"<section  class=\"content-section\" ><div class=\"container\"><div class=\"vc_row wpb_row vc_row-fluid\"><div class=\"wpb_column vc_column_container vc_col-sm-12\"><div class=\"vc_column-inner\"><div class=\"wpb_wrapper\"><div class=\"section-title  \"  style='color:#212529;' >\n\t\n\t\n\t\n\t\n\t \t<figure> <img src=\"https:\/\/epom.vn\/wp-content\/themes\/seodo\/images\/section-title-shape.png\" alt=\"Image\"> <\/figure>\n\t\t\n    <h6> Th\u00f4ng tin li\u00ean h\u1ec7 <\/h6>\n      <h2>Vui l\u00f2ng li\u00ean h\u1ec7 v\u1edbi ch\u00fang t\u00f4i theo th\u00f4ng tin c\u1ee5 th\u1ec3 b\u00ean d\u01b0\u1edbi<\/h2>\n  \t\n\t <\/div>\n<div style='color:;' class=\"text-box \" > <div style=\"padding: 0px 100px 30px 100px;\">\n<p style=\"text-align: center;\"><strong><span style=\"font-size: 14pt;\">G\u1eedi y\u00eau c\u1ea7u b\u00e1o gi\u00e1:<\/span><\/strong><br \/>\n<strong><span style=\"font-size: 14pt;\">C\u1ea3m \u01a1n b\u1ea1n \u0111\u00e3 quan t\u00e2m \u0111\u1ebfn s\u1ea3n ph\u1ea9m c\u1ee7a ch\u00fang t\u00f4i v\u00e0 <\/span><\/strong><strong><span style=\"font-size: 14pt;\">n\u1ebfu b\u1ea1n c\u00f3 b\u1ea5t k\u1ef3 c\u00e2u h\u1ecfi n\u00e0o, xin vui l\u00f2ng g\u1eedi cho ch\u00fang t\u00f4i ngay b\u00e2y gi\u1edd!<\/span><\/strong><\/p>\n<\/div>\n <\/div>\n<div class=\"vc_row wpb_row vc_inner vc_row-fluid\"><div class=\"wpb_column vc_column_container vc_col-sm-12 vc_col-md-6\"><div class=\"vc_column-inner\"><div class=\"wpb_wrapper\"><div role=\"form\" class=\"wpcf7\" id=\"wpcf7-f204-o1\" lang=\"en-US\" dir=\"ltr\">\n<div class=\"screen-reader-response\"><p role=\"status\" aria-live=\"polite\" aria-atomic=\"true\"><\/p> <ul><\/ul><\/div>\n<form action=\"\/vi\/wp-json\/wp\/v2\/pages\/26#wpcf7-f204-o1\" method=\"post\" class=\"wpcf7-form init\" novalidate=\"novalidate\" data-status=\"init\">\n<div style=\"display: none;\">\n<input type=\"hidden\" name=\"_wpcf7\" value=\"204\" \/>\n<input type=\"hidden\" name=\"_wpcf7_version\" value=\"5.6\" \/>\n<input type=\"hidden\" name=\"_wpcf7_locale\" value=\"en_US\" \/>\n<input type=\"hidden\" name=\"_wpcf7_unit_tag\" value=\"wpcf7-f204-o1\" \/>\n<input type=\"hidden\" name=\"_wpcf7_container_post\" value=\"0\" \/>\n<input type=\"hidden\" name=\"_wpcf7_posted_data_hash\" value=\"\" \/>\n<\/div>\n<div class=\"contact-form\">\n<div class=\"form-group\">\n\t\t\t\t<input type=\"text\" placeholder=\"H\u1ecd & T\u00ean\">\n\t\t\t<\/div>\n<div class=\"form-group\">\n\t\t\t\t<input type=\"text\" placeholder=\"E-mail\">\n\t\t\t<\/div>\n<div class=\"form-group\">\n\t\t\t\t<input type=\"text\" placeholder=\"S\u1ed1 \u0111i\u1ec7n tho\u1ea1i\">\n\t\t\t<\/div>\n<div class=\"form-group\">\n\t\t\t\t<input type=\"text\" placeholder=\"Ch\u1ee9c v\u1ee5\">\n\t\t\t<\/div>\n<div class=\"form-group\">\n\t\t\t\t<textarea placeholder=\"N\u1ed9i dung\"><\/textarea>\n\t\t\t<\/div>\n<div class=\"form-group\">\n\t\t\t<input type=\"submit\" value=\"G\u1eedi\">\n\t\t\t<\/div>\n<\/div>\n<div class=\"wpcf7-response-output\" aria-hidden=\"true\"><\/div><\/form><\/div><\/div><\/div><\/div><div class=\"wpb_column vc_column_container vc_col-sm-12 vc_col-md-6\"><div class=\"vc_column-inner\"><div class=\"wpb_wrapper\"><div class=\"contact-box \" >\n  <figure><img src=\"https:\/\/epom.vn\/wp-content\/uploads\/2020\/10\/contact-icon01.png\" alt=\"contact-icon01\"> <\/figure>\n  <div class=\"content\">\n    <h6>\u0110i\u1ec7n tho\u1ea1i<\/h6>\n    <p>0973 796 732<\/p>\n  <\/div>\n<\/div>\n<div class=\"contact-box \" >\n  <figure><img src=\"https:\/\/epom.vn\/wp-content\/uploads\/2020\/10\/contact-icon02.png\" alt=\"contact-icon02\"> <\/figure>\n  <div class=\"content\">\n    <h6>Email<\/h6>\n    <p>cskh@epom.vn<\/p>\n  <\/div>\n<\/div>\n<div class=\"contact-box \" >\n  <figure><img src=\"https:\/\/epom.vn\/wp-content\/uploads\/2020\/10\/contact-icon03.png\" alt=\"contact-icon03\"> <\/figure>\n  <div class=\"content\">\n    <h6>\u0110\u1ecba ch\u1ec9 v\u0103n ph\u00f2ng<\/h6>\n    <p>C\u00f4ng Ty C\u1ed5 Ph\u1ea7n Uy Ph\u1ee5ng 03 S\u00f4ng Th\u01b0\u01a1ng, ph\u01b0\u1eddng 2, qu\u1eadn T\u00e2n B\u00ecnh, Tp.HCM<\/p>\n  <\/div>\n<\/div>\n\n\t<div class=\"wpb_raw_code wpb_content_element wpb_raw_html\" >\n\t\t<div class=\"wpb_wrapper\">\n\t\t\t<iframe src=\"https:\/\/www.facebook.com\/plugins\/page.php?href=https%3A%2F%2Fwww.facebook.com%2Fepom.bioplastics%2F&tabs=timeline&width=700px&height=300px&small_header=false&adapt_container_width=true&hide_cover=false&show_facepile=true&appId=928372930633561\" width=\"700px\" height=\"400px\" style=\"border:none;overflow:hidden\" scrolling=\"no\" frameborder=\"0\" allowfullscreen=\"true\" allow=\"autoplay; clipboard-write; encrypted-media; picture-in-picture; web-share\"><\/iframe>\n\t\t<\/div>\n\t<\/div>\n<\/div><\/div><\/div><\/div><\/div><\/div><\/div><\/div><\/div><\/section><section  class=\"content-section no-spacing\" ><div class=\"vc_row wpb_row vc_row-fluid vc_custom_1649214564527\"><div class=\"wpb_column vc_column_container vc_col-sm-12\"><div class=\"vc_column-inner vc_custom_1603865812052\"><div class=\"wpb_wrapper\">            <div class=\"google-maps \" >\n\t\t\t\t\n\t\t\t\n                <iframe src=\"https:\/\/www.google.com\/maps\/embed?pb=!1m18!1m12!1m3!1d244.93960352911714!2d106.66695056406819!3d10.808734168489142!2m3!1f0!2f0!3f0!3m2!1i1024!2i768!4f13.1!3m3!1m2!1s0x317529230b13158d%3A0x16dcdac4e2ee9c10!2zMyBTw7RuZyBUaMawxqFuZywgUGjGsOG7nW5nIDIsIFTDom4gQsOsbmgsIFRow6BuaCBwaOG7kSBI4buTIENow60gTWluaCwgVmnhu4d0IE5hbQ!5e0!3m2!1svi!2s!4v1649214477553!5m2!1svi!2s%20width=600%20height=450%20style=border:0;%20allowfullscreen=%20loading=lazy%20referrerpolicy=no-referrer-when-downgrade\" width=\"100%\" height=\"520px\" frameborder=\"0\" allowfullscreen><\/iframe>\n            <\/div>\n\n\t\t\t<\/div><\/div><\/div><\/div><\/section>\n","protected":false},"excerpt":{"rendered":"Th\u00f4ng tin li\u00ean h\u1ec7 Vui l\u00f2ng li\u00ean h\u1ec7 v\u1edbi ch\u00fang t\u00f4i theo th\u00f4ng tin c\u1ee5 th\u1ec3 b\u00ean d\u01b0\u1edbi G\u1eedi y\u00eau c\u1ea7u b\u00e1o gi\u00e1: C\u1ea3m \u01a1n b\u1ea1n \u0111\u00e3 quan t\u00e2m \u0111\u1ebfn s\u1ea3n ph\u1ea9m c\u1ee7a ch\u00fang t\u00f4i v\u00e0 n\u1ebfu b\u1ea1n c\u00f3 b\u1ea5t k\u1ef3 c\u00e2u h\u1ecfi n\u00e0o, xin vui l\u00f2ng g\u1eedi cho ch\u00fang t\u00f4i ngay b\u00e2y gi\u1edd! \u0110i\u1ec7n [...]","protected":false},"author":1,"featured_media":0,"parent":0,"menu_order":0,"comment_status":"closed","ping_status":"closed","template":"page-builder.php","meta":[],"_links":{"self":[{"href":"https:\/\/epom.vn\/vi\/wp-json\/wp\/v2\/pages\/26"}],"collection":[{"href":"https:\/\/epom.vn\/vi\/wp-json\/wp\/v2\/pages"}],"about":[{"href":"https:\/\/epom.vn\/vi\/wp-json\/wp\/v2\/types\/page"}],"author":[{"embeddable":true,"href":"https:\/\/epom.vn\/vi\/wp-json\/wp\/v2\/users\/1"}],"replies":[{"embeddable":true,"href":"https:\/\/epom.vn\/vi\/wp-json\/wp\/v2\/comments?post=26"}],"version-history":[{"count":0,"href":"https:\/\/epom.vn\/vi\/wp-json\/wp\/v2\/pages\/26\/revisions"}],"wp:attachment":[{"href":"https:\/\/epom.vn\/vi\/wp-json\/wp\/v2\/media?parent=26"}],"curies":[{"name":"wp","href":"https:\/\/api.w.org\/{rel}","templated":true}]}}