{"id":1738,"date":"2022-07-02T13:39:52","date_gmt":"2022-07-02T06:39:52","guid":{"rendered":"https:\/\/epom.vn\/?page_id=1738"},"modified":"2022-07-02T13:40:08","modified_gmt":"2022-07-02T06:40:08","slug":"agriculture","status":"publish","type":"page","link":"https:\/\/epom.vn\/vi\/agriculture\/","title":{"rendered":"Agriculture"},"content":{"rendered":"<section  class=\"content-section\" ><div class=\"vc_row wpb_row vc_row-fluid\"><div class=\"wpb_column vc_column_container vc_col-sm-12\"><div class=\"vc_column-inner\"><div class=\"wpb_wrapper\"><figure class=\"image \" >\n    <a href=\"https:\/\/epom.vn\/wp-content\/uploads\/2022\/06\/MANG-PHU-EPOM-01.png\" data-fancybox title=\"M\u00e0ng Ph\u1ee7 N\u00f4ng Nghi\u1ec7p\">\n    <img src=\"https:\/\/epom.vn\/wp-content\/uploads\/2022\/06\/MANG-PHU-EPOM-01.png\" alt=\"M\u00e0ng Ph\u1ee7 N\u00f4ng Nghi\u1ec7p\">\n    <\/a>\n  <\/figure>\n<div style='color:;' class=\"text-box \" > <h2><\/h2>\n<h4>M\u00c0NG PH\u1ee6 N\u00d4NG NGHI\u1ec6P<\/h4>\n<h5>\u0110\u1eb6C T\u00cdNH S\u1ea2N PH\u1ea8M<\/h5>\n<p style=\"text-align: justify;\"><strong style=\"font-family: linotte;\">\u00a0T\u0103ng N\u0103ng Su\u1ea5t C\u00e2y Tr\u1ed3ng:<\/strong><br \/>\n&#8211; H\u1ed7 tr\u1ee3 T\u0102NG N\u0102NG SU\u1ea4T t\u1eeb 10% &#8211; 15% so v\u1edbi m\u00e0ng ph\u1ee7 th\u00f4ng th\u01b0\u1eddng (\u0111\u00e3 \u0111\u01b0\u1ee3c ki\u1ec3m ch\u1ee9ng qua c\u00e1c m\u00f4 h\u00ecnh th\u1ef1c nghi\u1ec7m v\u00e0 8 m\u00f4 h\u00ecnh tr\u00ecnh di\u1ec5n t\u1ea1i L\u00e2m \u0110\u1ed3ng).<br \/>\n&#8211; Ngo\u00e0i c\u00e1c t\u00ednh n\u0103ng c\u1ee7a m\u00e0ng ph\u1ee7 th\u00f4ng th\u01b0\u1eddng, EPOM c\u00f2n tr\u1ef1c ti\u1ebfp h\u1ed7 tr\u1ee3 t\u0103ng n\u0103ng su\u1ea5t m\u1ed9t c\u00e1ch r\u00f5 r\u1ec7t nh\u1edd v\u00e0o kh\u1ea3 n\u0103ng tr\u1ef1c ti\u1ebfp l\u00e0m t\u0103ng \u201ch\u1ec7 mi\u1ec5n d\u1ecbch\u201d, t\u0103ng s\u1ee9c \u0111\u1ec1 kh\u00e1ng cho c\u00e2y th\u00f4ng qua vi\u1ec7c th\u00fac \u0111\u1ea9y b\u1ed9 r\u1ec5 ph\u00e1t tri\u1ec3n to\u00e0n di\u1ec7n, d\u1ec5 d\u00e0ng h\u1ea5p th\u1ee5 d\u01b0\u1ee1ng ch\u1ea5t v\u00e0 c\u00f3 kh\u1ea3 n\u0103ng ch\u1ed1ng ch\u1ecdi c\u00e1c y\u1ebfu t\u1ed1 m\u00f4i tr\u01b0\u1eddng g\u00e2y h\u1ea1i cho c\u00e2y tr\u1ed3ng.<\/p>\n<p style=\"text-align: justify;\"><strong style=\"font-family: linotte;\">Ph\u00e2n H\u1ee7y Sinh H\u1ecdc Ho\u00e0n To\u00e0n:<\/strong><br \/>\n&#8211; Kh\u00f4ng \u0111\u00f2i h\u1ecfi ph\u1ea3i thu h\u1ed3i t\u00e1i s\u1eed d\u1ee5ng m\u00e0 v\u1eabn c\u00f3 th\u1ec3 \u0111\u1ea1t \u0111\u01b0\u1ee3c s\u1ef1 ph\u00e2n h\u1ee7y t\u1ef1 nhi\u00ean. Ph\u00f9 h\u1ee3p s\u1eed d\u1ee5ng trong th\u1eddi gian t\u1eeb 01 \u0111\u1ebfn 02 m\u00f9a v\u1ee5 (03 th\u00e1ng &#8211; 06 th\u00e1ng).<br \/>\n&#8211; Ti\u1ebft ki\u1ec7m chi ph\u00ed &amp; th\u1eddi gian x\u1eed l\u00fd r\u00e1c th\u1ea3i nh\u1ef1a sau thu ho\u1ea1ch.<br \/>\n&#8211; Sau khi ph\u00e2n h\u1ee7y, s\u1ea3n ph\u1ea9m l\u00e0 ph\u00e2n b\u00f3n h\u1eefu c\u01a1 gi\u00fap c\u1ea3i thi\u1ec7n \u0111\u1ea5t, th\u00fac \u0111\u1ea9y s\u1ef1 ph\u00e1t tri\u1ec3n c\u1ee7a g\u1ed1c r\u1ec5 c\u00e2y tr\u1ed3ng, t\u0103ng c\u01b0\u1eddng s\u1ef1 h\u1ea5p th\u1ee5 n\u01b0\u1edbc v\u00e0 ch\u1ea5t dinh d\u01b0\u1ee1ng, l\u00e0m cho c\u00e2y tr\u1ed3ng ph\u00e1t tri\u1ec3n nhanh ch\u1ed1ng v\u00e0 m\u1ea1nh m\u1ebd.<br \/>\n&#8211; Chu\u1ed7i ph\u1ea3n \u1ee9ng cu\u1ed1i c\u00f9ng sau khi ph\u00e2n hu\u1ef7 trong m\u00f4i tr\u01b0\u1eddng t\u1ef1 nhi\u00ean l\u00e0 n\u01b0\u1edbc v\u00e0 CO2<br \/>\n&#8211; An to\u00e0n cho m\u00f4i tr\u01b0\u1eddng, kh\u00f4ng c\u00f2n vi nh\u1ef1a, kh\u00f4ng l\u00e0m \u1ea3nh h\u01b0\u1edfng t\u1edbi ch\u1ea5t l\u01b0\u1ee3ng \u0111\u1ea5t canh t\u00e1c.<\/p>\n <\/div>\n<\/div><\/div><\/div><\/div><\/section>\n","protected":false},"excerpt":{"rendered":"M\u00c0NG PH\u1ee6 N\u00d4NG NGHI\u1ec6P \u0110\u1eb6C T\u00cdNH S\u1ea2N PH\u1ea8M \u00a0T\u0103ng N\u0103ng Su\u1ea5t C\u00e2y Tr\u1ed3ng: - H\u1ed7 tr\u1ee3 T\u0102NG N\u0102NG SU\u1ea4T t\u1eeb 10% - 15% so v\u1edbi m\u00e0ng ph\u1ee7 th\u00f4ng th\u01b0\u1eddng (\u0111\u00e3 \u0111\u01b0\u1ee3c ki\u1ec3m ch\u1ee9ng qua c\u00e1c m\u00f4 h\u00ecnh th\u1ef1c nghi\u1ec7m v\u00e0 8 m\u00f4 h\u00ecnh tr\u00ecnh di\u1ec5n t\u1ea1i L\u00e2m \u0110\u1ed3ng). - Ngo\u00e0i c\u00e1c t\u00ednh n\u0103ng c\u1ee7a m\u00e0ng [...]","protected":false},"author":1,"featured_media":0,"parent":0,"menu_order":0,"comment_status":"closed","ping_status":"closed","template":"","meta":[],"_links":{"self":[{"href":"https:\/\/epom.vn\/vi\/wp-json\/wp\/v2\/pages\/1738"}],"collection":[{"href":"https:\/\/epom.vn\/vi\/wp-json\/wp\/v2\/pages"}],"about":[{"href":"https:\/\/epom.vn\/vi\/wp-json\/wp\/v2\/types\/page"}],"author":[{"embeddable":true,"href":"https:\/\/epom.vn\/vi\/wp-json\/wp\/v2\/users\/1"}],"replies":[{"embeddable":true,"href":"https:\/\/epom.vn\/vi\/wp-json\/wp\/v2\/comments?post=1738"}],"version-history":[{"count":0,"href":"https:\/\/epom.vn\/vi\/wp-json\/wp\/v2\/pages\/1738\/revisions"}],"wp:attachment":[{"href":"https:\/\/epom.vn\/vi\/wp-json\/wp\/v2\/media?parent=1738"}],"curies":[{"name":"wp","href":"https:\/\/api.w.org\/{rel}","templated":true}]}}