{"id":1541,"date":"2022-06-22T00:46:24","date_gmt":"2022-06-21T17:46:24","guid":{"rendered":"https:\/\/epom.vn\/?page_id=1541"},"modified":"2022-06-23T21:52:49","modified_gmt":"2022-06-23T14:52:49","slug":"bioplastics101","status":"publish","type":"page","link":"https:\/\/epom.vn\/vi\/bioplastics101\/","title":{"rendered":"Bioplastics 101"},"content":{"rendered":"<section  class=\"content-section\" style=\"background-color: #fbf7f4;\"><div class=\"container\"><div id=\"uu-diem-dac-tinh\" class=\"vc_row wpb_row vc_row-fluid\"><div class=\"wpb_column vc_column_container vc_col-sm-12\"><div class=\"vc_column-inner\"><div class=\"wpb_wrapper\"><div class=\"vc_row wpb_row vc_inner vc_row-fluid\"><div class=\"wpb_column vc_column_container vc_col-sm-12\"><div class=\"vc_column-inner\"><div class=\"wpb_wrapper\"><div class=\"section-title  \"  style='color:#212529;' >\n\t\n\t\n\t\n\t\n\t \t<figure> <img src=\"https:\/\/epom.vn\/wp-content\/themes\/seodo\/images\/section-title-shape.png\" alt=\"Image\"> <\/figure>\n\t\t\n      <h2>Bioplastics 101<\/h2>\n  \t\n\t <\/div>\n<\/div><\/div><\/div><\/div><div class=\"vc_row wpb_row vc_inner vc_row-fluid vc_row-o-content-middle vc_row-flex\"><div class=\"wpb_column vc_column_container vc_col-sm-12 vc_col-md-6\"><div class=\"vc_column-inner\"><div class=\"wpb_wrapper\"><figure class=\"side-image \" > <img src=\"https:\/\/epom.vn\/wp-content\/uploads\/2022\/06\/172-plastic-shopping-bag-mockup.png\" alt=\"Image\">\n\n\n\t\t\n\t\t\n\t\n<\/figure>\n<\/div><\/div><\/div><div class=\"wpb_column vc_column_container vc_col-sm-12 vc_col-md-6\"><div class=\"vc_column-inner\"><div class=\"wpb_wrapper\">\n\n\n\n<div class=\"side-content right \" >\n  \t<p style=\"text-align: justify;\">Nh\u1ef1a sinh h\u1ecdc, kh\u00f4ng ch\u1ea5t th\u1ea3i v\u00e0 t\u00ednh b\u1ec1n v\u1eefng l\u00e0 nh\u1eefng ch\u1ee7 \u0111\u1ec1 kh\u00f3 nh\u1eb1n &#8211; \u0111\u00f3 l\u00e0 l\u00fd do t\u1ea1i sao ph\u1ea3i t\u1ea1o ra n\u1ed9i dung gi\u00e1o d\u1ee5c v\u1ec1 c\u00e1c s\u1ea3n ph\u1ea9m, ng\u00e0nh c\u00f4ng nghi\u1ec7p nh\u1ef1a ph\u00e2n h\u1ee7y sinh h\u1ecdc<\/p>\n      <\/div>\n<\/div><\/div><\/div><\/div><\/div><\/div><\/div><\/div><\/div><\/section>\n","protected":false},"excerpt":{"rendered":"Bioplastics 101 Nh\u1ef1a sinh h\u1ecdc, kh\u00f4ng ch\u1ea5t th\u1ea3i v\u00e0 t\u00ednh b\u1ec1n v\u1eefng l\u00e0 nh\u1eefng ch\u1ee7 \u0111\u1ec1 kh\u00f3 nh\u1eb1n - \u0111\u00f3 l\u00e0 l\u00fd do t\u1ea1i sao ph\u1ea3i t\u1ea1o ra n\u1ed9i dung gi\u00e1o d\u1ee5c v\u1ec1 c\u00e1c s\u1ea3n ph\u1ea9m, ng\u00e0nh c\u00f4ng nghi\u1ec7p nh\u1ef1a ph\u00e2n h\u1ee7y sinh h\u1ecdc","protected":false},"author":1,"featured_media":0,"parent":0,"menu_order":0,"comment_status":"closed","ping_status":"closed","template":"page-builder.php","meta":[],"_links":{"self":[{"href":"https:\/\/epom.vn\/vi\/wp-json\/wp\/v2\/pages\/1541"}],"collection":[{"href":"https:\/\/epom.vn\/vi\/wp-json\/wp\/v2\/pages"}],"about":[{"href":"https:\/\/epom.vn\/vi\/wp-json\/wp\/v2\/types\/page"}],"author":[{"embeddable":true,"href":"https:\/\/epom.vn\/vi\/wp-json\/wp\/v2\/users\/1"}],"replies":[{"embeddable":true,"href":"https:\/\/epom.vn\/vi\/wp-json\/wp\/v2\/comments?post=1541"}],"version-history":[{"count":0,"href":"https:\/\/epom.vn\/vi\/wp-json\/wp\/v2\/pages\/1541\/revisions"}],"wp:attachment":[{"href":"https:\/\/epom.vn\/vi\/wp-json\/wp\/v2\/media?parent=1541"}],"curies":[{"name":"wp","href":"https:\/\/api.w.org\/{rel}","templated":true}]}}