{"id":1513,"date":"2022-06-22T00:14:06","date_gmt":"2022-06-21T17:14:06","guid":{"rendered":"https:\/\/epom.vn\/?page_id=1513"},"modified":"2022-06-22T00:15:35","modified_gmt":"2022-06-21T17:15:35","slug":"retail-shopping-bags","status":"publish","type":"page","link":"https:\/\/epom.vn\/vi\/retail-shopping-bags\/","title":{"rendered":"Retail &#038; shopping bags"},"content":{"rendered":"<section  class=\"content-section\" ><div class=\"vc_row wpb_row vc_row-fluid\"><div class=\"wpb_column vc_column_container vc_col-sm-12\"><div class=\"vc_column-inner\"><div class=\"wpb_wrapper\"><div class=\"side-slider \" >\n\t<div class=\"slider\">\n  <div class=\"swiper-wrapper\">\n            <div class=\"swiper-slide\"> <img src=\"https:\/\/epom.vn\/wp-content\/uploads\/2022\/06\/epom-609-6097700_bioplastics-bioeconomy-alternative-plastics-sustainability-packaging-bioplastic-hd.png\" alt=\"\"> <\/div>\n                <div class=\"swiper-slide\"> <img src=\"https:\/\/epom.vn\/wp-content\/uploads\/2020\/10\/slide02.jpg\" alt=\"\"> <\/div>\n          <\/div>\n  <!-- end swiper-wrapper -->\n  <div class=\"swiper-pagination\"><\/div>\n  <!-- end swiper-pagination --> \n\t\n\t\t \t\t\n       \n\t\t<\/div>\n\t<!-- end slider -->\n<\/div>\n<!-- end side-slider -->\n\n<div style='color:;' class=\"text-box \" > <h2><\/h2>\n<h2>Nh\u1ef1a gia d\u1ee5ng l\u00e0 g\u00ec?<\/h2>\n<p style=\"text-align: justify;\">Nh\u1ef1a (ch\u1ea5t d\u1ebbo) hay ti\u1ebfng anh g\u1ecdi l\u00e0 plastic l\u00e0 c\u00e1c h\u1ee3p ch\u1ea5t cao ph\u00e2n t\u1eed. Ch\u00fang \u0111\u01b0\u1ee3c d\u00f9ng l\u00e0m nguy\u00ean li\u1ec7u \u0111\u1ec3 s\u1ea3n xu\u1ea5t ra nhi\u1ec1u lo\u1ea1i v\u1eadt d\u1ee5ng kh\u00e1c nhau \u0111\u1ec3 ph\u1ee5c v\u1ee5 \u0111\u1eddi s\u1ed1ng sinh ho\u1ea1t h\u00e0ng ng\u00e0y nh\u01b0: B\u00e0n, gh\u1ebf, chai l\u1ecd, \u00e1o m\u01b0a, t\u00fai nilon, c\u1ed1c, \u0111\u0129a, b\u00e1t, \u1ed1ng d\u1eabn di\u1ec7n\u2026 V\u00e0 nh\u1eefng s\u1ea3n ph\u1ea9m c\u00f4ng nghi\u1ec7p hi\u1ec7n \u0111\u1ea1i \u1ee9ng d\u1ee5ng trong s\u1ea3n xu\u1ea5t, xu\u1ea5t nh\u1eadp kh\u1ea9u.<\/p>\n<p style=\"text-align: justify;\">Thu\u1eadt ng\u1eef &#8221;plastic&#8221; c\u00f3 ngu\u1ed3n g\u1ed1c t\u1eeb ti\u1ebfng Hy L\u1ea1p &#8221;plastikos&#8221;, c\u00f3 ngh\u0129a l\u00e0 ph\u00f9 h\u1ee3p \u0111\u1ec3 \u0111\u00fac. \u0110i\u1ec1u n\u00e0y \u0111\u1ec1 c\u1eadp \u0111\u1ebfn t\u00ednh linh ho\u1ea1t c\u1ee7a v\u1eadt li\u1ec7u ho\u1eb7c \u0111\u1ed9 d\u1ebbo trong qu\u00e1 tr\u00ecnh s\u1ea3n xu\u1ea5t. Nh\u1ef1a cho ph\u00e9p \u0111\u00fac, \u00e9p ho\u1eb7c n\u00e9n th\u00e0nh nhi\u1ec1u h\u00ecnh d\u1ea1ng kh\u00e1c nhau. T\u1eeb d\u1ea1ng m\u00e0ng m\u1ecfng cho \u0111\u1ebfn d\u1ea1ng s\u1ee3i, t\u1ea5m, \u1ed1ng, chai, h\u1ed9p\u2026 v\u00e0 nhi\u1ec1u h\u01a1n n\u1eefa.<\/p>\n <\/div>\n<\/div><\/div><\/div><\/div><\/section>\n","protected":false},"excerpt":{"rendered":"Nh\u1ef1a gia d\u1ee5ng l\u00e0 g\u00ec? Nh\u1ef1a (ch\u1ea5t d\u1ebbo) hay ti\u1ebfng anh g\u1ecdi l\u00e0 plastic l\u00e0 c\u00e1c h\u1ee3p ch\u1ea5t cao ph\u00e2n t\u1eed. Ch\u00fang \u0111\u01b0\u1ee3c d\u00f9ng l\u00e0m nguy\u00ean li\u1ec7u \u0111\u1ec3 s\u1ea3n xu\u1ea5t ra nhi\u1ec1u lo\u1ea1i v\u1eadt d\u1ee5ng kh\u00e1c nhau \u0111\u1ec3 ph\u1ee5c v\u1ee5 \u0111\u1eddi s\u1ed1ng sinh ho\u1ea1t h\u00e0ng ng\u00e0y nh\u01b0: B\u00e0n, gh\u1ebf, chai l\u1ecd, \u00e1o m\u01b0a, t\u00fai nilon, [...]","protected":false},"author":1,"featured_media":0,"parent":0,"menu_order":0,"comment_status":"closed","ping_status":"closed","template":"","meta":[],"_links":{"self":[{"href":"https:\/\/epom.vn\/vi\/wp-json\/wp\/v2\/pages\/1513"}],"collection":[{"href":"https:\/\/epom.vn\/vi\/wp-json\/wp\/v2\/pages"}],"about":[{"href":"https:\/\/epom.vn\/vi\/wp-json\/wp\/v2\/types\/page"}],"author":[{"embeddable":true,"href":"https:\/\/epom.vn\/vi\/wp-json\/wp\/v2\/users\/1"}],"replies":[{"embeddable":true,"href":"https:\/\/epom.vn\/vi\/wp-json\/wp\/v2\/comments?post=1513"}],"version-history":[{"count":0,"href":"https:\/\/epom.vn\/vi\/wp-json\/wp\/v2\/pages\/1513\/revisions"}],"wp:attachment":[{"href":"https:\/\/epom.vn\/vi\/wp-json\/wp\/v2\/media?parent=1513"}],"curies":[{"name":"wp","href":"https:\/\/api.w.org\/{rel}","templated":true}]}}