{"id":1318,"date":"2022-05-05T09:05:04","date_gmt":"2022-05-05T02:05:04","guid":{"rendered":"https:\/\/epom.vn\/?page_id=1318"},"modified":"2022-06-20T11:47:08","modified_gmt":"2022-06-20T04:47:08","slug":"dich-vu-thuc-pham-fb","status":"publish","type":"page","link":"https:\/\/epom.vn\/vi\/dich-vu-thuc-pham-fb\/","title":{"rendered":"D\u1ecbch v\u1ee5 th\u1ef1c ph\u1ea9m F&#038;B"},"content":{"rendered":"<section  class=\"content-section\" ><div class=\"vc_row wpb_row vc_row-fluid\"><div class=\"wpb_column vc_column_container vc_col-sm-12\"><div class=\"vc_column-inner\"><div class=\"wpb_wrapper\"><div class=\"side-slider \" >\n\t<div class=\"slider\">\n  <div class=\"swiper-wrapper\">\n            <div class=\"swiper-slide\"> <img src=\"https:\/\/epom.vn\/wp-content\/uploads\/2022\/06\/172-plastic-shopping-bag-mockup.png\" alt=\"\"> <\/div>\n                <div class=\"swiper-slide\"> <img src=\"https:\/\/epom.vn\/wp-content\/uploads\/2022\/06\/1.jpg\" alt=\"\"> <\/div>\n          <\/div>\n  <!-- end swiper-wrapper -->\n  <div class=\"swiper-pagination\"><\/div>\n  <!-- end swiper-pagination --> \n\t\n\t\t \t\t\n       \n\t\t<\/div>\n\t<!-- end slider -->\n<\/div>\n<!-- end side-slider -->\n\n<div style='color:;' class=\"text-box \" > <h2><\/h2>\n<h2>T\u00fai nilon l\u00e0 g\u00ec?<\/h2>\n<p style=\"text-align: justify;\">T\u00fai ni l\u00f4ng, t\u00fai b\u00f3ng \u0111\u1ec1u l\u00e0 t\u00ean g\u1ecdi kh\u00e1c c\u1ee7a T\u00fai nilon \u2013 m\u1ed9t lo\u1ea1i bao b\u00ec nh\u1ef1a r\u1ea5t m\u1ecfng, nh\u1eb9 v\u00e0 d\u1ebbo v\u00e0 r\u1ea5t ti\u1ec7n d\u1ee5ng trong gia \u0111\u00ecnh b\u1ea1n. T\u00fai ni l\u00f4ng \u0111\u01b0\u1ee3c l\u00e0m t\u1eeb h\u1ea1t nh\u1ef1a t\u1ed5ng h\u1ee3p v\u00e0 m\u1ed9t v\u00e0i ph\u1ee5 gia kh\u00e1c, v\u1edbi nhi\u1ec1u k\u00edch th\u01b0\u1edbc kh\u00e1c nhau, s\u1eed d\u1ee5ng cho nhi\u1ec1u m\u1ee5c \u0111\u00edch kh\u00e1c nhau v\u00e0 h\u1ea7u h\u1ebft c\u00f3 th\u1ec3 t\u00e1i ch\u1ebf \u0111\u01b0\u1ee3c.<\/p>\n<p style=\"text-align: justify;\">Ng\u01b0\u1eddi mua t\u00fai nilon th\u01b0\u1eddng g\u1eb7p nh\u1ea5t l\u00e0 : t\u00fai x\u1ed1p (t\u00fai nilon gi\u00e1 r\u1ebb \u0111\u1ef1ng h\u00e0ng ch\u1ee3), t\u00fai nilon cao c\u1ea5p ( c\u00e1c shop b\u00e1n l\u1ebb v\u00e0 trung t\u00e2m mua s\u1eafm)<\/p>\n<p style=\"text-align: justify;\">V\u1edbi c\u00e1c \u0111\u1ea1i l\u00fd b\u00e1n t\u00fai ni l\u00f4ng th\u01b0\u1eddng bi\u1ebft t\u1edbi: t\u00fai t-shirt, t\u00fai roll , t\u00fai Zipper, t\u00fai die-cut, t\u00fai HDPE, t\u00fai LDPE, t\u00fai PP, t\u00fai OPP\u2026<\/p>\n <\/div>\n<\/div><\/div><\/div><\/div><\/section>\n","protected":false},"excerpt":{"rendered":"T\u00fai nilon l\u00e0 g\u00ec? T\u00fai ni l\u00f4ng, t\u00fai b\u00f3ng \u0111\u1ec1u l\u00e0 t\u00ean g\u1ecdi kh\u00e1c c\u1ee7a T\u00fai nilon \u2013 m\u1ed9t lo\u1ea1i bao b\u00ec nh\u1ef1a r\u1ea5t m\u1ecfng, nh\u1eb9 v\u00e0 d\u1ebbo v\u00e0 r\u1ea5t ti\u1ec7n d\u1ee5ng trong gia \u0111\u00ecnh b\u1ea1n. T\u00fai ni l\u00f4ng \u0111\u01b0\u1ee3c l\u00e0m t\u1eeb h\u1ea1t nh\u1ef1a t\u1ed5ng h\u1ee3p v\u00e0 m\u1ed9t v\u00e0i ph\u1ee5 gia kh\u00e1c, v\u1edbi nhi\u1ec1u k\u00edch [...]","protected":false},"author":1,"featured_media":0,"parent":0,"menu_order":0,"comment_status":"closed","ping_status":"closed","template":"","meta":[],"_links":{"self":[{"href":"https:\/\/epom.vn\/vi\/wp-json\/wp\/v2\/pages\/1318"}],"collection":[{"href":"https:\/\/epom.vn\/vi\/wp-json\/wp\/v2\/pages"}],"about":[{"href":"https:\/\/epom.vn\/vi\/wp-json\/wp\/v2\/types\/page"}],"author":[{"embeddable":true,"href":"https:\/\/epom.vn\/vi\/wp-json\/wp\/v2\/users\/1"}],"replies":[{"embeddable":true,"href":"https:\/\/epom.vn\/vi\/wp-json\/wp\/v2\/comments?post=1318"}],"version-history":[{"count":0,"href":"https:\/\/epom.vn\/vi\/wp-json\/wp\/v2\/pages\/1318\/revisions"}],"wp:attachment":[{"href":"https:\/\/epom.vn\/vi\/wp-json\/wp\/v2\/media?parent=1318"}],"curies":[{"name":"wp","href":"https:\/\/api.w.org\/{rel}","templated":true}]}}