{"id":1561,"date":"2022-06-22T11:34:54","date_gmt":"2022-06-22T04:34:54","guid":{"rendered":"https:\/\/epom.vn\/?page_id=1561"},"modified":"2022-07-02T13:34:18","modified_gmt":"2022-07-02T06:34:18","slug":"nong-nghiep","status":"publish","type":"page","link":"https:\/\/epom.vn\/en\/nong-nghiep\/","title":{"rendered":"Agriculture"},"content":{"rendered":"<section  class=\"content-section\" ><div class=\"vc_row wpb_row vc_row-fluid\"><div class=\"wpb_column vc_column_container vc_col-sm-12\"><div class=\"vc_column-inner\"><div class=\"wpb_wrapper\"><figure class=\"image\" >\n    <a href=\"https:\/\/epom.vn\/wp-content\/uploads\/2022\/06\/MANG-PHU-EPOM-01.png\" data-fancybox title=\"M\u00e0ng Ph\u1ee7 N\u00f4ng Nghi\u1ec7p\">\n    <img src=\"https:\/\/epom.vn\/wp-content\/uploads\/2022\/06\/MANG-PHU-EPOM-01.png\" alt=\"M\u00e0ng Ph\u1ee7 N\u00f4ng Nghi\u1ec7p\">\n    <\/a>\n  <\/figure>\n<div style='color:;' class=\"text-box\" > <h2><\/h2>\n<h4>Agricultural Mulch<\/h4>\n<h5>PRODUCT CHARACTERISTICS<\/h5>\n<p style=\"text-align: justify;\"><strong style=\"font-family: linotte;\">\u00a0Increasing Crop Yield:<\/strong><br \/>\n- Support to INCREASE Yield from 10% - 15% compared to conventional coatings (proven through experimental models and 8 demonstration models in Lam Dong).<br \/>\n- In addition to the features of conventional mulch, EPOM also directly supports a marked increase in yield thanks to its ability to directly increase the \"immune system\", increase plant resistance through promoting the immune system. Roots develop comprehensively, easily absorb nutrients and are able to withstand environmental factors that are harmful to plants.<\/p>\n<p style=\"text-align: justify;\"><strong style=\"font-family: linotte;\">Fully Biodegradable:<\/strong><br \/>\n- Does not require recovery and reuse, but natural decomposition can be achieved. Suitable for use in the period from 01 to 02 seasons (03 months - 06 months).<br \/>\n- Save cost &amp; time of post-harvest plastic waste treatment.<br \/>\n- After decomposing, the product is an organic fertilizer that improves the soil, promotes the growth of plant roots, enhances the absorption of water and nutrients, and makes the plants grow faster and stronger<br \/>\n- The final reaction chain after decomposition in the natural environment is water and CO2<br \/>\n- Safe for the environment, no microplastics, does not affect the quality of arable land.<\/p>\n <\/div>\n<\/div><\/div><\/div><\/div><\/section>","protected":false},"excerpt":{"rendered":"M\u00c0NG PH\u1ee6 N\u00d4NG NGHI\u1ec6P \u0110\u1eb6C T\u00cdNH S\u1ea2N PH\u1ea8M \u00a0T\u0103ng N\u0103ng Su\u1ea5t C\u00e2y Tr\u1ed3ng: - H\u1ed7 tr\u1ee3 T\u0102NG N\u0102NG SU\u1ea4T t\u1eeb 10% - 15% so v\u1edbi m\u00e0ng ph\u1ee7 th\u00f4ng th\u01b0\u1eddng (\u0111\u00e3 \u0111\u01b0\u1ee3c ki\u1ec3m ch\u1ee9ng qua c\u00e1c m\u00f4 h\u00ecnh th\u1ef1c nghi\u1ec7m v\u00e0 8 m\u00f4 h\u00ecnh tr\u00ecnh di\u1ec5n t\u1ea1i L\u00e2m \u0110\u1ed3ng). - Ngo\u00e0i c\u00e1c t\u00ednh n\u0103ng c\u1ee7a m\u00e0ng [...]","protected":false},"author":1,"featured_media":0,"parent":0,"menu_order":0,"comment_status":"closed","ping_status":"closed","template":"","meta":[],"_links":{"self":[{"href":"https:\/\/epom.vn\/en\/wp-json\/wp\/v2\/pages\/1561"}],"collection":[{"href":"https:\/\/epom.vn\/en\/wp-json\/wp\/v2\/pages"}],"about":[{"href":"https:\/\/epom.vn\/en\/wp-json\/wp\/v2\/types\/page"}],"author":[{"embeddable":true,"href":"https:\/\/epom.vn\/en\/wp-json\/wp\/v2\/users\/1"}],"replies":[{"embeddable":true,"href":"https:\/\/epom.vn\/en\/wp-json\/wp\/v2\/comments?post=1561"}],"version-history":[{"count":0,"href":"https:\/\/epom.vn\/en\/wp-json\/wp\/v2\/pages\/1561\/revisions"}],"wp:attachment":[{"href":"https:\/\/epom.vn\/en\/wp-json\/wp\/v2\/media?parent=1561"}],"curies":[{"name":"wp","href":"https:\/\/api.w.org\/{rel}","templated":true}]}}