{"id":1327,"date":"2022-05-05T09:16:47","date_gmt":"2022-05-05T02:16:47","guid":{"rendered":"https:\/\/epom.vn\/?page_id=1327"},"modified":"2022-06-20T11:48:21","modified_gmt":"2022-06-20T04:48:21","slug":"dich-vu-ban-le","status":"publish","type":"page","link":"https:\/\/epom.vn\/en\/dich-vu-ban-le\/","title":{"rendered":"Retail &amp; shopping bags"},"content":{"rendered":"<section  class=\"content-section\" ><div class=\"vc_row wpb_row vc_row-fluid\"><div class=\"wpb_column vc_column_container vc_col-sm-12\"><div class=\"vc_column-inner\"><div class=\"wpb_wrapper\"><div class=\"side-slider\" >\n\t<div class=\"slider\">\n  <div class=\"swiper-wrapper\">\n            <div class=\"swiper-slide\"> <img src=\"https:\/\/epom.vn\/wp-content\/uploads\/2022\/06\/epom-609-6097700_bioplastics-bioeconomy-alternative-plastics-sustainability-packaging-bioplastic-hd.png\" alt=\"\"> <\/div>\n                <div class=\"swiper-slide\"> <img src=\"https:\/\/epom.vn\/wp-content\/uploads\/2020\/10\/slide02.jpg\" alt=\"\"> <\/div>\n          <\/div>\n  <!-- end swiper-wrapper -->\n  <div class=\"swiper-pagination\"><\/div>\n  <!-- end swiper-pagination --> \n\t\n\t\t \t\t\n       \n\t\t<\/div>\n\t<!-- end slider -->\n<\/div>\n<!-- end side-slider -->\n\n<div style='color:;' class=\"text-box\" > <h2><\/h2>\n<h2>What is household plastic?<\/h2>\n<p style=\"text-align: justify;\">Plastics (plastics) or in English known as plastics are polymeric compounds. They are used as raw materials to produce many different items to serve daily life such as: Tables, chairs, bottles, raincoats, plastic bags, cups, plates, bowls, pipes... And modern industrial products applied in production, import and export.<\/p>\n<p style=\"text-align: justify;\">The term \"plastic\" is derived from the Greek word \"plastikos\", which means fit for molding. This refers to a material's flexibility or ductility during manufacturing. Plastics can be molded, pressed, or compressed into a variety of shapes. From thin films to fibers, sheets, tubes, bottles, boxes\u2026 and more.<\/p>\n <\/div>\n<\/div><\/div><\/div><\/div><\/section>","protected":false},"excerpt":{"rendered":"Nh\u1ef1a gia d\u1ee5ng l\u00e0 g\u00ec? Nh\u1ef1a (ch\u1ea5t d\u1ebbo) hay ti\u1ebfng anh g\u1ecdi l\u00e0 plastic l\u00e0 c\u00e1c h\u1ee3p ch\u1ea5t cao ph\u00e2n t\u1eed. Ch\u00fang \u0111\u01b0\u1ee3c d\u00f9ng l\u00e0m nguy\u00ean li\u1ec7u \u0111\u1ec3 s\u1ea3n xu\u1ea5t ra nhi\u1ec1u lo\u1ea1i v\u1eadt d\u1ee5ng kh\u00e1c nhau \u0111\u1ec3 ph\u1ee5c v\u1ee5 \u0111\u1eddi s\u1ed1ng sinh ho\u1ea1t h\u00e0ng ng\u00e0y nh\u01b0: B\u00e0n, gh\u1ebf, chai l\u1ecd, \u00e1o m\u01b0a, t\u00fai nilon, [...]","protected":false},"author":1,"featured_media":0,"parent":0,"menu_order":0,"comment_status":"closed","ping_status":"closed","template":"","meta":[],"_links":{"self":[{"href":"https:\/\/epom.vn\/en\/wp-json\/wp\/v2\/pages\/1327"}],"collection":[{"href":"https:\/\/epom.vn\/en\/wp-json\/wp\/v2\/pages"}],"about":[{"href":"https:\/\/epom.vn\/en\/wp-json\/wp\/v2\/types\/page"}],"author":[{"embeddable":true,"href":"https:\/\/epom.vn\/en\/wp-json\/wp\/v2\/users\/1"}],"replies":[{"embeddable":true,"href":"https:\/\/epom.vn\/en\/wp-json\/wp\/v2\/comments?post=1327"}],"version-history":[{"count":0,"href":"https:\/\/epom.vn\/en\/wp-json\/wp\/v2\/pages\/1327\/revisions"}],"wp:attachment":[{"href":"https:\/\/epom.vn\/en\/wp-json\/wp\/v2\/media?parent=1327"}],"curies":[{"name":"wp","href":"https:\/\/api.w.org\/{rel}","templated":true}]}}