{"id":1318,"date":"2022-05-05T09:05:04","date_gmt":"2022-05-05T02:05:04","guid":{"rendered":"https:\/\/epom.vn\/?page_id=1318"},"modified":"2022-06-20T11:47:08","modified_gmt":"2022-06-20T04:47:08","slug":"dich-vu-thuc-pham-fb","status":"publish","type":"page","link":"https:\/\/epom.vn\/en\/dich-vu-thuc-pham-fb\/","title":{"rendered":"Food &amp; Beverage"},"content":{"rendered":"<section  class=\"content-section\" ><div class=\"vc_row wpb_row vc_row-fluid\"><div class=\"wpb_column vc_column_container vc_col-sm-12\"><div class=\"vc_column-inner\"><div class=\"wpb_wrapper\"><div class=\"side-slider\" >\n\t<div class=\"slider\">\n  <div class=\"swiper-wrapper\">\n            <div class=\"swiper-slide\"> <img src=\"https:\/\/epom.vn\/wp-content\/uploads\/2022\/06\/172-plastic-shopping-bag-mockup.png\" alt=\"\"> <\/div>\n                <div class=\"swiper-slide\"> <img src=\"https:\/\/epom.vn\/wp-content\/uploads\/2022\/06\/1.jpg\" alt=\"\"> <\/div>\n          <\/div>\n  <!-- end swiper-wrapper -->\n  <div class=\"swiper-pagination\"><\/div>\n  <!-- end swiper-pagination --> \n\t\n\t\t \t\t\n       \n\t\t<\/div>\n\t<!-- end slider -->\n<\/div>\n<!-- end side-slider -->\n\n<div style='color:;' class=\"text-box\" > <h2><\/h2>\n<h2>What is a nylon bag?<\/h2>\n<p style=\"text-align: justify;\">Plastic bags, bubble bags are all other names for Plastic bags - a type of plastic packaging that is very thin, light and flexible and very convenient in your family. Plastic bags are made from synthetic resins and a few other additives, come in different sizes, are used for many different purposes and are mostly recyclable.<\/p>\n<p style=\"text-align: justify;\">The most common buyers of plastic bags are: Styrofoam bags (cheap plastic bags for market goods), high-grade plastic bags (retail shops and shopping malls).<\/p>\n<p style=\"text-align: justify;\">With agents selling commonly known plastic bags: t-shirt bags, roll bags, Zipper bags, die-cut bags, HDPE bags, LDPE bags, PP bags, OPP bags...<\/p>\n <\/div>\n<\/div><\/div><\/div><\/div><\/section>","protected":false},"excerpt":{"rendered":"T\u00fai nilon l\u00e0 g\u00ec? T\u00fai ni l\u00f4ng, t\u00fai b\u00f3ng \u0111\u1ec1u l\u00e0 t\u00ean g\u1ecdi kh\u00e1c c\u1ee7a T\u00fai nilon \u2013 m\u1ed9t lo\u1ea1i bao b\u00ec nh\u1ef1a r\u1ea5t m\u1ecfng, nh\u1eb9 v\u00e0 d\u1ebbo v\u00e0 r\u1ea5t ti\u1ec7n d\u1ee5ng trong gia \u0111\u00ecnh b\u1ea1n. T\u00fai ni l\u00f4ng \u0111\u01b0\u1ee3c l\u00e0m t\u1eeb h\u1ea1t nh\u1ef1a t\u1ed5ng h\u1ee3p v\u00e0 m\u1ed9t v\u00e0i ph\u1ee5 gia kh\u00e1c, v\u1edbi nhi\u1ec1u k\u00edch [...]","protected":false},"author":1,"featured_media":0,"parent":0,"menu_order":0,"comment_status":"closed","ping_status":"closed","template":"","meta":[],"_links":{"self":[{"href":"https:\/\/epom.vn\/en\/wp-json\/wp\/v2\/pages\/1318"}],"collection":[{"href":"https:\/\/epom.vn\/en\/wp-json\/wp\/v2\/pages"}],"about":[{"href":"https:\/\/epom.vn\/en\/wp-json\/wp\/v2\/types\/page"}],"author":[{"embeddable":true,"href":"https:\/\/epom.vn\/en\/wp-json\/wp\/v2\/users\/1"}],"replies":[{"embeddable":true,"href":"https:\/\/epom.vn\/en\/wp-json\/wp\/v2\/comments?post=1318"}],"version-history":[{"count":0,"href":"https:\/\/epom.vn\/en\/wp-json\/wp\/v2\/pages\/1318\/revisions"}],"wp:attachment":[{"href":"https:\/\/epom.vn\/en\/wp-json\/wp\/v2\/media?parent=1318"}],"curies":[{"name":"wp","href":"https:\/\/api.w.org\/{rel}","templated":true}]}}